{"id":406,"date":"2018-11-15T14:21:22","date_gmt":"2018-11-15T14:21:22","guid":{"rendered":"http:\/\/lgcsa.com\/?page_id=406"},"modified":"2022-07-11T11:38:24","modified_gmt":"2022-07-11T11:38:24","slug":"home-2","status":"publish","type":"page","link":"https:\/\/lgcsa.com\/en\/","title":{"rendered":"Home"},"content":{"rendered":"","protected":false},"excerpt":{"rendered":"","protected":false},"author":1,"featured_media":0,"parent":0,"menu_order":0,"comment_status":"closed","ping_status":"closed","template":"","meta":{"footnotes":""},"class_list":["post-406","page","type-page","status-publish","hentry"],"yoast_head":"<!-- This site is optimized with the Yoast SEO plugin v26.8 - https:\/\/yoast.com\/product\/yoast-seo-wordpress\/ -->\n<title>Home | L. Gonz\u00e1lez Catal\u00e1n S.A.<\/title>\n<meta name=\"robots\" content=\"index, follow, max-snippet:-1, max-image-preview:large, max-video-preview:-1\" \/>\n<link rel=\"canonical\" href=\"https:\/\/lgcsa.com\/en\/\" \/>\n<meta property=\"og:locale\" content=\"en_US\" \/>\n<meta property=\"og:type\" content=\"article\" \/>\n<meta property=\"og:title\" content=\"Home | L. Gonz\u00e1lez Catal\u00e1n S.A.\" \/>\n<meta property=\"og:url\" content=\"https:\/\/lgcsa.com\/en\/\" \/>\n<meta property=\"og:site_name\" content=\"L. Gonz\u00e1lez Catal\u00e1n S.A.\" \/>\n<meta property=\"article:modified_time\" content=\"2022-07-11T11:38:24+00:00\" \/>\n<meta name=\"twitter:card\" content=\"summary_large_image\" \/>\n<script type=\"application\/ld+json\" class=\"yoast-schema-graph\">{\"@context\":\"https:\/\/schema.org\",\"@graph\":[{\"@type\":\"WebPage\",\"@id\":\"https:\/\/lgcsa.com\/en\/\",\"url\":\"https:\/\/lgcsa.com\/en\/\",\"name\":\"Home | L. Gonz\u00e1lez Catal\u00e1n S.A.\",\"isPartOf\":{\"@id\":\"https:\/\/lgcsa.com\/#website\"},\"datePublished\":\"2018-11-15T14:21:22+00:00\",\"dateModified\":\"2022-07-11T11:38:24+00:00\",\"breadcrumb\":{\"@id\":\"https:\/\/lgcsa.com\/en\/#breadcrumb\"},\"inLanguage\":\"en-US\",\"potentialAction\":[{\"@type\":\"ReadAction\",\"target\":[\"https:\/\/lgcsa.com\/en\/\"]}]},{\"@type\":\"BreadcrumbList\",\"@id\":\"https:\/\/lgcsa.com\/en\/#breadcrumb\",\"itemListElement\":[{\"@type\":\"ListItem\",\"position\":1,\"name\":\"Portada\",\"item\":\"https:\/\/lgcsa.com\/en\/\"},{\"@type\":\"ListItem\",\"position\":2,\"name\":\"Home\"}]},{\"@type\":\"WebSite\",\"@id\":\"https:\/\/lgcsa.com\/#website\",\"url\":\"https:\/\/lgcsa.com\/\",\"name\":\"L. Gonz\u00e1lez Catal\u00e1n S.A.\",\"description\":\"Mec\u00e1nica de precisi\u00f3n\",\"publisher\":{\"@id\":\"https:\/\/lgcsa.com\/#organization\"},\"potentialAction\":[{\"@type\":\"SearchAction\",\"target\":{\"@type\":\"EntryPoint\",\"urlTemplate\":\"https:\/\/lgcsa.com\/?s={search_term_string}\"},\"query-input\":{\"@type\":\"PropertyValueSpecification\",\"valueRequired\":true,\"valueName\":\"search_term_string\"}}],\"inLanguage\":\"en-US\"},{\"@type\":\"Organization\",\"@id\":\"https:\/\/lgcsa.com\/#organization\",\"name\":\"L. Gonz\u00e1lez Catal\u00e1n S.A.\",\"url\":\"https:\/\/lgcsa.com\/\",\"logo\":{\"@type\":\"ImageObject\",\"inLanguage\":\"en-US\",\"@id\":\"https:\/\/lgcsa.com\/#\/schema\/logo\/image\/\",\"url\":\"https:\/\/lgcsa.com\/wp-content\/uploads\/2018\/07\/logo_Luis-Gonzalez-1.png\",\"contentUrl\":\"https:\/\/lgcsa.com\/wp-content\/uploads\/2018\/07\/logo_Luis-Gonzalez-1.png\",\"width\":1491,\"height\":1276,\"caption\":\"L. Gonz\u00e1lez Catal\u00e1n S.A.\"},\"image\":{\"@id\":\"https:\/\/lgcsa.com\/#\/schema\/logo\/image\/\"}}]}<\/script>\n<!-- \/ Yoast SEO plugin. -->","yoast_head_json":{"title":"Home | L. Gonz\u00e1lez Catal\u00e1n S.A.","robots":{"index":"index","follow":"follow","max-snippet":"max-snippet:-1","max-image-preview":"max-image-preview:large","max-video-preview":"max-video-preview:-1"},"canonical":"https:\/\/lgcsa.com\/en\/","og_locale":"en_US","og_type":"article","og_title":"Home | L. Gonz\u00e1lez Catal\u00e1n S.A.","og_url":"https:\/\/lgcsa.com\/en\/","og_site_name":"L. Gonz\u00e1lez Catal\u00e1n S.A.","article_modified_time":"2022-07-11T11:38:24+00:00","twitter_card":"summary_large_image","schema":{"@context":"https:\/\/schema.org","@graph":[{"@type":"WebPage","@id":"https:\/\/lgcsa.com\/en\/","url":"https:\/\/lgcsa.com\/en\/","name":"Home | L. Gonz\u00e1lez Catal\u00e1n S.A.","isPartOf":{"@id":"https:\/\/lgcsa.com\/#website"},"datePublished":"2018-11-15T14:21:22+00:00","dateModified":"2022-07-11T11:38:24+00:00","breadcrumb":{"@id":"https:\/\/lgcsa.com\/en\/#breadcrumb"},"inLanguage":"en-US","potentialAction":[{"@type":"ReadAction","target":["https:\/\/lgcsa.com\/en\/"]}]},{"@type":"BreadcrumbList","@id":"https:\/\/lgcsa.com\/en\/#breadcrumb","itemListElement":[{"@type":"ListItem","position":1,"name":"Portada","item":"https:\/\/lgcsa.com\/en\/"},{"@type":"ListItem","position":2,"name":"Home"}]},{"@type":"WebSite","@id":"https:\/\/lgcsa.com\/#website","url":"https:\/\/lgcsa.com\/","name":"L. Gonz\u00e1lez Catal\u00e1n S.A.","description":"Mec\u00e1nica de precisi\u00f3n","publisher":{"@id":"https:\/\/lgcsa.com\/#organization"},"potentialAction":[{"@type":"SearchAction","target":{"@type":"EntryPoint","urlTemplate":"https:\/\/lgcsa.com\/?s={search_term_string}"},"query-input":{"@type":"PropertyValueSpecification","valueRequired":true,"valueName":"search_term_string"}}],"inLanguage":"en-US"},{"@type":"Organization","@id":"https:\/\/lgcsa.com\/#organization","name":"L. Gonz\u00e1lez Catal\u00e1n S.A.","url":"https:\/\/lgcsa.com\/","logo":{"@type":"ImageObject","inLanguage":"en-US","@id":"https:\/\/lgcsa.com\/#\/schema\/logo\/image\/","url":"https:\/\/lgcsa.com\/wp-content\/uploads\/2018\/07\/logo_Luis-Gonzalez-1.png","contentUrl":"https:\/\/lgcsa.com\/wp-content\/uploads\/2018\/07\/logo_Luis-Gonzalez-1.png","width":1491,"height":1276,"caption":"L. Gonz\u00e1lez Catal\u00e1n S.A."},"image":{"@id":"https:\/\/lgcsa.com\/#\/schema\/logo\/image\/"}}]}},"_links":{"self":[{"href":"https:\/\/lgcsa.com\/en\/wp-json\/wp\/v2\/pages\/406","targetHints":{"allow":["GET"]}}],"collection":[{"href":"https:\/\/lgcsa.com\/en\/wp-json\/wp\/v2\/pages"}],"about":[{"href":"https:\/\/lgcsa.com\/en\/wp-json\/wp\/v2\/types\/page"}],"author":[{"embeddable":true,"href":"https:\/\/lgcsa.com\/en\/wp-json\/wp\/v2\/users\/1"}],"replies":[{"embeddable":true,"href":"https:\/\/lgcsa.com\/en\/wp-json\/wp\/v2\/comments?post=406"}],"version-history":[{"count":1,"href":"https:\/\/lgcsa.com\/en\/wp-json\/wp\/v2\/pages\/406\/revisions"}],"predecessor-version":[{"id":420,"href":"https:\/\/lgcsa.com\/en\/wp-json\/wp\/v2\/pages\/406\/revisions\/420"}],"wp:attachment":[{"href":"https:\/\/lgcsa.com\/en\/wp-json\/wp\/v2\/media?parent=406"}],"curies":[{"name":"wp","href":"https:\/\/api.w.org\/{rel}","templated":true}]}}