{"id":222,"date":"2018-08-08T09:08:14","date_gmt":"2018-08-08T09:08:14","guid":{"rendered":"http:\/\/lgcsa.com\/?page_id=222"},"modified":"2022-07-13T06:05:03","modified_gmt":"2022-07-13T06:05:03","slug":"sobre-lgcsa","status":"publish","type":"page","link":"https:\/\/lgcsa.com\/es\/sobre-lgcsa\/","title":{"rendered":"Sobre LGCSA"},"content":{"rendered":"<p>120<\/p>\n<p>default<\/p>\n<p>default<\/p>\n<p>Heading + desc<\/p>\n<h2 class=\"h2-1\">L. Gonz\u00e1lez<br \/>\nCatal\u00e1n S.A.<\/h2>\n<div style=\"display: inline-block; width: 55px; height: 6px; background: #f89834; position: relative; top: -15px; margin-left: 15px;\"><\/div>\n<hr class=\"no_line\" style=\"margin: 0 auto 30px auto\"\/>\n\n<p>L. GONZ\u00c1LEZ CATAL\u00c1N, S.A. es una empresa dedicada a la fabricaci\u00f3n de contactos y terminales para conexiones el\u00e9ctricas, y a la estampaci\u00f3n y troquelaje de piezas met\u00e1licas, principalmente para los sectores el\u00e9ctrico, linea blanca y automoci\u00f3n.<\/p>\n<p>Desde el a\u00f1o 1957 que se fundo, nos hemos caracterizado por nuestra constante capacidad de progreso y desarrollo, lo que ha permitido, que a lo largo de todos estos a\u00f1os, se nos conozca por la innovaci\u00f3n y calidad de nuestros productos. Por ese motivo en el a\u00f1o 1995 ampliamos nuestras instalaciones y posteriormente en el a\u00f1o 2006 nos trasladamos a La Llagosta a una nave de 3.200 m\u00b2, lo que nos ha permitido adquirir nuevas maquinarias y aprovechar mucho mejor nuestros recursos.<\/p>\n<hr class=\"no_line\" style=\"margin: 0 auto 30px auto\"\/>\n\n<p>no-repeat;center top;;<\/p>\n<p>auto<\/p>\n<p>60<\/p>\n<p>default<\/p>\n<p><img decoding=\"async\" src=\"http:\/\/lgcsa.com\/wp-content\/uploads\/2018\/08\/POLITICA-DE-CALIDAD.jpg\" alt=\"POLITICA-DE-CALIDAD\" \/><\/p>\n<p>http:\/\/lgcsa.com\/wp-content\/uploads\/2018\/08\/POLITICA-DE-CALIDAD.jpg<\/p>\n<p><img decoding=\"async\" src=\"http:\/\/lgcsa.com\/wp-content\/uploads\/2018\/08\/CERTIFICADO-ISO.jpg\" alt=\"CERTIFICADO-ISO\" \/><\/p>\n<p>http:\/\/lgcsa.com\/wp-content\/uploads\/2018\/08\/CERTIFICADO-ISO.jpg<\/p>\n<p>120<\/p>\n<p>default<\/p>\n","protected":false},"excerpt":{"rendered":"<p>120 default default Heading + desc L. Gonz\u00e1lez Catal\u00e1n S.A. L. GONZ\u00c1LEZ CATAL\u00c1N, S.A. es una empresa dedicada a la fabricaci\u00f3n de contactos y terminales para<span class=\"excerpt-hellip\"> [\u2026]<\/span><\/p>\n","protected":false},"author":1,"featured_media":0,"parent":0,"menu_order":0,"comment_status":"closed","ping_status":"closed","template":"","meta":{"footnotes":""},"class_list":["post-222","page","type-page","status-publish","hentry"],"yoast_head":"<!-- This site is optimized with the Yoast SEO plugin v26.8 - https:\/\/yoast.com\/product\/yoast-seo-wordpress\/ -->\n<title>L. Gonz\u00e1lez Catal\u00e1n S.A. | Innovaci\u00f3n, desarrollo y calidad<\/title>\n<meta name=\"description\" content=\"L. Gonz\u00e1lez Catal\u00e1n. Descubre por qu\u00e9 somos la mejor opci\u00f3n en la fabricaci\u00f3n de piezas met\u00e1licas. Destacamos por la innovaci\u00f3n y la calidad del producto.\" \/>\n<meta name=\"robots\" content=\"index, follow, max-snippet:-1, max-image-preview:large, max-video-preview:-1\" \/>\n<link rel=\"canonical\" href=\"https:\/\/lgcsa.com\/es\/sobre-lgcsa\/\" \/>\n<meta property=\"og:locale\" content=\"es_ES\" \/>\n<meta property=\"og:type\" content=\"article\" \/>\n<meta property=\"og:title\" content=\"L. Gonz\u00e1lez Catal\u00e1n S.A. | Innovaci\u00f3n, desarrollo y calidad\" \/>\n<meta property=\"og:description\" content=\"L. Gonz\u00e1lez Catal\u00e1n. Descubre por qu\u00e9 somos la mejor opci\u00f3n en la fabricaci\u00f3n de piezas met\u00e1licas. Destacamos por la innovaci\u00f3n y la calidad del producto.\" \/>\n<meta property=\"og:url\" content=\"https:\/\/lgcsa.com\/es\/sobre-lgcsa\/\" \/>\n<meta property=\"og:site_name\" content=\"L. Gonz\u00e1lez Catal\u00e1n S.A.\" \/>\n<meta property=\"article:modified_time\" content=\"2022-07-13T06:05:03+00:00\" \/>\n<meta property=\"og:image\" content=\"http:\/\/lgcsa.com\/wp-content\/uploads\/2018\/08\/POLITICA-DE-CALIDAD.jpg\" \/>\n<meta name=\"twitter:card\" content=\"summary_large_image\" \/>\n<meta name=\"twitter:label1\" content=\"Tiempo de lectura\" \/>\n\t<meta name=\"twitter:data1\" content=\"1 minuto\" \/>\n<script type=\"application\/ld+json\" class=\"yoast-schema-graph\">{\"@context\":\"https:\/\/schema.org\",\"@graph\":[{\"@type\":\"WebPage\",\"@id\":\"https:\/\/lgcsa.com\/es\/sobre-lgcsa\/\",\"url\":\"https:\/\/lgcsa.com\/es\/sobre-lgcsa\/\",\"name\":\"L. Gonz\u00e1lez Catal\u00e1n S.A. | Innovaci\u00f3n, desarrollo y calidad\",\"isPartOf\":{\"@id\":\"https:\/\/lgcsa.com\/#website\"},\"primaryImageOfPage\":{\"@id\":\"https:\/\/lgcsa.com\/es\/sobre-lgcsa\/#primaryimage\"},\"image\":{\"@id\":\"https:\/\/lgcsa.com\/es\/sobre-lgcsa\/#primaryimage\"},\"thumbnailUrl\":\"http:\/\/lgcsa.com\/wp-content\/uploads\/2018\/08\/POLITICA-DE-CALIDAD.jpg\",\"datePublished\":\"2018-08-08T09:08:14+00:00\",\"dateModified\":\"2022-07-13T06:05:03+00:00\",\"description\":\"L. Gonz\u00e1lez Catal\u00e1n. Descubre por qu\u00e9 somos la mejor opci\u00f3n en la fabricaci\u00f3n de piezas met\u00e1licas. Destacamos por la innovaci\u00f3n y la calidad del producto.\",\"breadcrumb\":{\"@id\":\"https:\/\/lgcsa.com\/es\/sobre-lgcsa\/#breadcrumb\"},\"inLanguage\":\"es\",\"potentialAction\":[{\"@type\":\"ReadAction\",\"target\":[\"https:\/\/lgcsa.com\/es\/sobre-lgcsa\/\"]}]},{\"@type\":\"ImageObject\",\"inLanguage\":\"es\",\"@id\":\"https:\/\/lgcsa.com\/es\/sobre-lgcsa\/#primaryimage\",\"url\":\"http:\/\/lgcsa.com\/wp-content\/uploads\/2018\/08\/POLITICA-DE-CALIDAD.jpg\",\"contentUrl\":\"http:\/\/lgcsa.com\/wp-content\/uploads\/2018\/08\/POLITICA-DE-CALIDAD.jpg\"},{\"@type\":\"BreadcrumbList\",\"@id\":\"https:\/\/lgcsa.com\/es\/sobre-lgcsa\/#breadcrumb\",\"itemListElement\":[{\"@type\":\"ListItem\",\"position\":1,\"name\":\"Portada\",\"item\":\"https:\/\/lgcsa.com\/es\/\"},{\"@type\":\"ListItem\",\"position\":2,\"name\":\"Sobre LGCSA\"}]},{\"@type\":\"WebSite\",\"@id\":\"https:\/\/lgcsa.com\/#website\",\"url\":\"https:\/\/lgcsa.com\/\",\"name\":\"L. Gonz\u00e1lez Catal\u00e1n S.A.\",\"description\":\"Mec\u00e1nica de precisi\u00f3n\",\"publisher\":{\"@id\":\"https:\/\/lgcsa.com\/#organization\"},\"potentialAction\":[{\"@type\":\"SearchAction\",\"target\":{\"@type\":\"EntryPoint\",\"urlTemplate\":\"https:\/\/lgcsa.com\/?s={search_term_string}\"},\"query-input\":{\"@type\":\"PropertyValueSpecification\",\"valueRequired\":true,\"valueName\":\"search_term_string\"}}],\"inLanguage\":\"es\"},{\"@type\":\"Organization\",\"@id\":\"https:\/\/lgcsa.com\/#organization\",\"name\":\"L. Gonz\u00e1lez Catal\u00e1n S.A.\",\"url\":\"https:\/\/lgcsa.com\/\",\"logo\":{\"@type\":\"ImageObject\",\"inLanguage\":\"es\",\"@id\":\"https:\/\/lgcsa.com\/#\/schema\/logo\/image\/\",\"url\":\"https:\/\/lgcsa.com\/wp-content\/uploads\/2018\/07\/logo_Luis-Gonzalez-1.png\",\"contentUrl\":\"https:\/\/lgcsa.com\/wp-content\/uploads\/2018\/07\/logo_Luis-Gonzalez-1.png\",\"width\":1491,\"height\":1276,\"caption\":\"L. Gonz\u00e1lez Catal\u00e1n S.A.\"},\"image\":{\"@id\":\"https:\/\/lgcsa.com\/#\/schema\/logo\/image\/\"}}]}<\/script>\n<!-- \/ Yoast SEO plugin. -->","yoast_head_json":{"title":"L. Gonz\u00e1lez Catal\u00e1n S.A. | Innovaci\u00f3n, desarrollo y calidad","description":"L. Gonz\u00e1lez Catal\u00e1n. Descubre por qu\u00e9 somos la mejor opci\u00f3n en la fabricaci\u00f3n de piezas met\u00e1licas. Destacamos por la innovaci\u00f3n y la calidad del producto.","robots":{"index":"index","follow":"follow","max-snippet":"max-snippet:-1","max-image-preview":"max-image-preview:large","max-video-preview":"max-video-preview:-1"},"canonical":"https:\/\/lgcsa.com\/es\/sobre-lgcsa\/","og_locale":"es_ES","og_type":"article","og_title":"L. Gonz\u00e1lez Catal\u00e1n S.A. | Innovaci\u00f3n, desarrollo y calidad","og_description":"L. Gonz\u00e1lez Catal\u00e1n. Descubre por qu\u00e9 somos la mejor opci\u00f3n en la fabricaci\u00f3n de piezas met\u00e1licas. Destacamos por la innovaci\u00f3n y la calidad del producto.","og_url":"https:\/\/lgcsa.com\/es\/sobre-lgcsa\/","og_site_name":"L. Gonz\u00e1lez Catal\u00e1n S.A.","article_modified_time":"2022-07-13T06:05:03+00:00","og_image":[{"url":"http:\/\/lgcsa.com\/wp-content\/uploads\/2018\/08\/POLITICA-DE-CALIDAD.jpg","type":"","width":"","height":""}],"twitter_card":"summary_large_image","twitter_misc":{"Tiempo de lectura":"1 minuto"},"schema":{"@context":"https:\/\/schema.org","@graph":[{"@type":"WebPage","@id":"https:\/\/lgcsa.com\/es\/sobre-lgcsa\/","url":"https:\/\/lgcsa.com\/es\/sobre-lgcsa\/","name":"L. Gonz\u00e1lez Catal\u00e1n S.A. | Innovaci\u00f3n, desarrollo y calidad","isPartOf":{"@id":"https:\/\/lgcsa.com\/#website"},"primaryImageOfPage":{"@id":"https:\/\/lgcsa.com\/es\/sobre-lgcsa\/#primaryimage"},"image":{"@id":"https:\/\/lgcsa.com\/es\/sobre-lgcsa\/#primaryimage"},"thumbnailUrl":"http:\/\/lgcsa.com\/wp-content\/uploads\/2018\/08\/POLITICA-DE-CALIDAD.jpg","datePublished":"2018-08-08T09:08:14+00:00","dateModified":"2022-07-13T06:05:03+00:00","description":"L. Gonz\u00e1lez Catal\u00e1n. Descubre por qu\u00e9 somos la mejor opci\u00f3n en la fabricaci\u00f3n de piezas met\u00e1licas. Destacamos por la innovaci\u00f3n y la calidad del producto.","breadcrumb":{"@id":"https:\/\/lgcsa.com\/es\/sobre-lgcsa\/#breadcrumb"},"inLanguage":"es","potentialAction":[{"@type":"ReadAction","target":["https:\/\/lgcsa.com\/es\/sobre-lgcsa\/"]}]},{"@type":"ImageObject","inLanguage":"es","@id":"https:\/\/lgcsa.com\/es\/sobre-lgcsa\/#primaryimage","url":"http:\/\/lgcsa.com\/wp-content\/uploads\/2018\/08\/POLITICA-DE-CALIDAD.jpg","contentUrl":"http:\/\/lgcsa.com\/wp-content\/uploads\/2018\/08\/POLITICA-DE-CALIDAD.jpg"},{"@type":"BreadcrumbList","@id":"https:\/\/lgcsa.com\/es\/sobre-lgcsa\/#breadcrumb","itemListElement":[{"@type":"ListItem","position":1,"name":"Portada","item":"https:\/\/lgcsa.com\/es\/"},{"@type":"ListItem","position":2,"name":"Sobre LGCSA"}]},{"@type":"WebSite","@id":"https:\/\/lgcsa.com\/#website","url":"https:\/\/lgcsa.com\/","name":"L. Gonz\u00e1lez Catal\u00e1n S.A.","description":"Mec\u00e1nica de precisi\u00f3n","publisher":{"@id":"https:\/\/lgcsa.com\/#organization"},"potentialAction":[{"@type":"SearchAction","target":{"@type":"EntryPoint","urlTemplate":"https:\/\/lgcsa.com\/?s={search_term_string}"},"query-input":{"@type":"PropertyValueSpecification","valueRequired":true,"valueName":"search_term_string"}}],"inLanguage":"es"},{"@type":"Organization","@id":"https:\/\/lgcsa.com\/#organization","name":"L. Gonz\u00e1lez Catal\u00e1n S.A.","url":"https:\/\/lgcsa.com\/","logo":{"@type":"ImageObject","inLanguage":"es","@id":"https:\/\/lgcsa.com\/#\/schema\/logo\/image\/","url":"https:\/\/lgcsa.com\/wp-content\/uploads\/2018\/07\/logo_Luis-Gonzalez-1.png","contentUrl":"https:\/\/lgcsa.com\/wp-content\/uploads\/2018\/07\/logo_Luis-Gonzalez-1.png","width":1491,"height":1276,"caption":"L. Gonz\u00e1lez Catal\u00e1n S.A."},"image":{"@id":"https:\/\/lgcsa.com\/#\/schema\/logo\/image\/"}}]}},"_links":{"self":[{"href":"https:\/\/lgcsa.com\/es\/wp-json\/wp\/v2\/pages\/222","targetHints":{"allow":["GET"]}}],"collection":[{"href":"https:\/\/lgcsa.com\/es\/wp-json\/wp\/v2\/pages"}],"about":[{"href":"https:\/\/lgcsa.com\/es\/wp-json\/wp\/v2\/types\/page"}],"author":[{"embeddable":true,"href":"https:\/\/lgcsa.com\/es\/wp-json\/wp\/v2\/users\/1"}],"replies":[{"embeddable":true,"href":"https:\/\/lgcsa.com\/es\/wp-json\/wp\/v2\/comments?post=222"}],"version-history":[{"count":5,"href":"https:\/\/lgcsa.com\/es\/wp-json\/wp\/v2\/pages\/222\/revisions"}],"predecessor-version":[{"id":460,"href":"https:\/\/lgcsa.com\/es\/wp-json\/wp\/v2\/pages\/222\/revisions\/460"}],"wp:attachment":[{"href":"https:\/\/lgcsa.com\/es\/wp-json\/wp\/v2\/media?parent=222"}],"curies":[{"name":"wp","href":"https:\/\/api.w.org\/{rel}","templated":true}]}}