{"id":232,"date":"2018-08-08T09:34:13","date_gmt":"2018-08-08T09:34:13","guid":{"rendered":"http:\/\/lgcsa.com\/?page_id=232"},"modified":"2018-09-14T07:30:26","modified_gmt":"2018-09-14T07:30:26","slug":"contacto","status":"publish","type":"page","link":"https:\/\/lgcsa.com\/es\/contacto\/","title":{"rendered":"Contacto"},"content":{"rendered":"<p><iframe loading=\"lazy\" src=\"https:\/\/www.google.com\/maps\/embed?pb=!1m18!1m12!1m3!1d2985.733557966437!2d2.198001615709026!3d41.5133848961372!2m3!1f0!2f0!3f0!3m2!1i1024!2i768!4f13.1!3m3!1m2!1s0x12a4be96db940265%3A0x66cc4214c0c100af!2zTC4gR29uesOhbGV6IENhdGFsw6Fu!5e0!3m2!1ses!2ses!4v1530695847497\" width=\"2000\" height=\"500\" frameborder=\"0\" style=\"border:0\" allowfullscreen><\/iframe><\/p>\n<p>13<\/p>\n<p>300<\/p>\n<h3>Contacta con<br \/>\nnosotros <\/p>\n<div style=\"display: inline-block; width: 50px; height: 6px; background: #f89834; position: relative; top: -8px; margin-left: 12px;\"><\/div>\n<\/h3>\n<hr class=\"no_line\" style=\"margin: 0 auto 5px auto\"\/>\n\n<p>C\/ Barcelona, 35 &#8211; 37<br \/>\nLa Llagosta (08120),<br \/>\nBarcelona<\/p>\n<hr class=\"no_line\" style=\"margin: 0 auto 10px auto\"\/>\n\n<p><a href=\"#\">info@lgcsa.com<\/a><br \/>\n93 574 81 98<\/p>\n<p>#ffffff<\/p>\n<p>no-repeat;center top;;<\/p>\n<p>auto<\/p>\n<p>50px 50px 35px<\/p>\n<p>box-shadow: 0px 20px 35px rgba(0, 0, 0, .07);<\/p>\n<h2 style=\"color: #f89834\">M\u00e1ndanos un mensaje<\/h2>\n\n<div class=\"wpcf7 no-js\" id=\"wpcf7-f5-o1\" lang=\"es-ES\" dir=\"ltr\" data-wpcf7-id=\"5\">\n<div class=\"screen-reader-response\"><p role=\"status\" aria-live=\"polite\" aria-atomic=\"true\"><\/p> <ul><\/ul><\/div>\n<form action=\"\/es\/wp-json\/wp\/v2\/pages\/232#wpcf7-f5-o1\" method=\"post\" class=\"wpcf7-form init\" aria-label=\"Formulario de contacto\" novalidate=\"novalidate\" data-status=\"init\">\n<fieldset class=\"hidden-fields-container\"><input type=\"hidden\" name=\"_wpcf7\" value=\"5\" \/><input type=\"hidden\" name=\"_wpcf7_version\" value=\"6.1.4\" \/><input type=\"hidden\" name=\"_wpcf7_locale\" value=\"es_ES\" \/><input type=\"hidden\" name=\"_wpcf7_unit_tag\" value=\"wpcf7-f5-o1\" \/><input type=\"hidden\" name=\"_wpcf7_container_post\" value=\"0\" \/><input type=\"hidden\" name=\"_wpcf7_posted_data_hash\" value=\"\" \/><input type=\"hidden\" name=\"_wpcf7_recaptcha_response\" value=\"\" \/>\n<\/fieldset>\n<div class=\"media-columna\">\n\t<p><label> Tu nombre<br \/>\n<span class=\"wpcf7-form-control-wrap\" data-name=\"your-name\"><input size=\"40\" maxlength=\"400\" class=\"wpcf7-form-control wpcf7-text wpcf7-validates-as-required\" aria-required=\"true\" aria-invalid=\"false\" value=\"\" type=\"text\" name=\"your-name\" \/><\/span> <\/label>\n\t<\/p>\n<\/div>\n<div class=\"media-columna-1\">\n\t<p><label> Tu correo electr\u00f3nico<br \/>\n<span class=\"wpcf7-form-control-wrap\" data-name=\"your-email\"><input size=\"40\" maxlength=\"400\" class=\"wpcf7-form-control wpcf7-email wpcf7-validates-as-required wpcf7-text wpcf7-validates-as-email\" aria-required=\"true\" aria-invalid=\"false\" value=\"\" type=\"email\" name=\"your-email\" \/><\/span> <\/label>\n\t<\/p>\n<\/div>\n<p><label> Tu mensaje<br \/>\n<span class=\"wpcf7-form-control-wrap\" data-name=\"your-message\"><textarea cols=\"40\" rows=\"10\" maxlength=\"2000\" class=\"wpcf7-form-control wpcf7-textarea\" aria-invalid=\"false\" name=\"your-message\"><\/textarea><\/span> <\/label>\n<\/p>\n<p><span class=\"wpcf7-form-control-wrap\" data-name=\"aceptacion\"><span class=\"wpcf7-form-control wpcf7-acceptance\"><span class=\"wpcf7-list-item\"><label><input type=\"checkbox\" name=\"aceptacion\" value=\"1\" aria-invalid=\"false\" \/><span class=\"wpcf7-list-item-label\">He le\u00eddo y acepto el <a href=\"http:\/\/lgcsa.com\/ca\/politica-de-privacitat-i-cookies\/\" target=\"_blank\"><span class=\"tooltip1 top\"> Aviso Legal y la Pol\u00edtica de Privacidad\n    <span class=\"tiptext\">En virtud de lo establecido en la Ley Org\u00e1nica 3\/2018, LOPD-GDD y el Reglamento Europeo 2016\/679, RGPD de Protecci\u00f3n de Datos de car\u00e1cter personal le informamos que sus datos pasar\u00e1n a formar parte de un fichero titularidad de L. Gonz\u00e1lez Catal\u00e1n S.A. La informaci\u00f3n registrada se utilizar\u00e1 para informarle por cualquier medio electr\u00f3nico de nuestras novedades y\/o informaci\u00f3n de la entidad. Puede ejercer los derechos de acceso, rectificaci\u00f3n, portabilidad y supresi\u00f3n de sus datos y los de limitaci\u00f3n y oposici\u00f3n del tratamiento en Barcelona, 35-37, 08120, Barcelona o enviando un correo electr\u00f3nico a info@lgcsa.com. En cumplimiento de la Ley 34\/2002 del 11 de julio, de Servicios de la Sociedad de la Informaci\u00f3n y de Comercio electr\u00f3nico e Internet, le informamos que puede revocar en cualquier momento, de forma sencilla y gratuita, el consentimiento para la recepci\u00f3n de correo electr\u00f3nico enviando un correo electr\u00f3nico con su solicitud a: info@lgcsa.com.<\/span>\n<\/a><\/span><\/span><\/label><\/span><\/span><\/span>\n<\/p>\n<span class=\"wpcf7-form-control-wrap recaptcha\" data-name=\"recaptcha\"><span data-sitekey=\"6LfSl6AqAAAAAEiCZjfPxOzEZquE2bTVCqpDkdwY\" class=\"wpcf7-form-control wpcf7-recaptcha g-recaptcha\"><\/span>\r\n<noscript>\r\n\t<div class=\"grecaptcha-noscript\">\r\n\t\t<iframe loading=\"lazy\" src=\"https:\/\/www.google.com\/recaptcha\/api\/fallback?k=6LfSl6AqAAAAAEiCZjfPxOzEZquE2bTVCqpDkdwY\" frameborder=\"0\" scrolling=\"no\" width=\"310\" height=\"430\">\r\n\t\t<\/iframe>\r\n\t\t<textarea name=\"g-recaptcha-response\" rows=\"3\" cols=\"40\" placeholder=\"Aqu\u00ed la respuesta de reCAPTCHA\">\r\n\t\t<\/textarea>\r\n\t<\/div>\r\n<\/noscript>\r\n<\/span>\n<p><input class=\"wpcf7-form-control wpcf7-submit has-spinner\" type=\"submit\" value=\"Enviar\" \/>\n<\/p><p style=\"display: none !important;\" class=\"akismet-fields-container\" data-prefix=\"_wpcf7_ak_\"><label>&#916;<textarea name=\"_wpcf7_ak_hp_textarea\" cols=\"45\" rows=\"8\" maxlength=\"100\"><\/textarea><\/label><input type=\"hidden\" id=\"ak_js_1\" name=\"_wpcf7_ak_js\" value=\"166\"\/><script>document.getElementById( \"ak_js_1\" ).setAttribute( \"value\", ( new Date() ).getTime() );<\/script><\/p><div class=\"wpcf7-response-output\" aria-hidden=\"true\"><\/div>\n<\/form>\n<\/div>\n\n<p>no-repeat;left top;;<\/p>\n<p>auto<\/p>\n","protected":false},"excerpt":{"rendered":"<p>13 300 Contacta con nosotros C\/ Barcelona, 35 &#8211; 37 La Llagosta (08120), Barcelona info@lgcsa.com 93 574 81 98 #ffffff no-repeat;center top;; auto 50px 50px 35px<span class=\"excerpt-hellip\"> [\u2026]<\/span><\/p>\n","protected":false},"author":1,"featured_media":0,"parent":0,"menu_order":0,"comment_status":"closed","ping_status":"closed","template":"","meta":{"footnotes":""},"class_list":["post-232","page","type-page","status-publish","hentry"],"yoast_head":"<!-- This site is optimized with the Yoast SEO plugin v26.8 - https:\/\/yoast.com\/product\/yoast-seo-wordpress\/ -->\n<title>Ponte en contacto con nosotros | L. Gonz\u00e1lez Catal\u00e1n S.A.<\/title>\n<meta name=\"description\" content=\"Ponte en contacto con nosotros y pide presupuesto sin compromisos. - \u00bfQuieres trabajar con nosotros? Env\u00eda tu curr\u00edculum.\" \/>\n<meta name=\"robots\" content=\"index, follow, max-snippet:-1, max-image-preview:large, max-video-preview:-1\" \/>\n<link rel=\"canonical\" href=\"https:\/\/lgcsa.com\/es\/contacto\/\" \/>\n<meta property=\"og:locale\" content=\"es_ES\" \/>\n<meta property=\"og:type\" content=\"article\" \/>\n<meta property=\"og:title\" content=\"Ponte en contacto con nosotros | L. Gonz\u00e1lez Catal\u00e1n S.A.\" \/>\n<meta property=\"og:description\" content=\"Ponte en contacto con nosotros y pide presupuesto sin compromisos. - \u00bfQuieres trabajar con nosotros? Env\u00eda tu curr\u00edculum.\" \/>\n<meta property=\"og:url\" content=\"https:\/\/lgcsa.com\/es\/contacto\/\" \/>\n<meta property=\"og:site_name\" content=\"L. Gonz\u00e1lez Catal\u00e1n S.A.\" \/>\n<meta property=\"article:modified_time\" content=\"2018-09-14T07:30:26+00:00\" \/>\n<meta name=\"twitter:card\" content=\"summary_large_image\" \/>\n<script type=\"application\/ld+json\" class=\"yoast-schema-graph\">{\"@context\":\"https:\/\/schema.org\",\"@graph\":[{\"@type\":\"WebPage\",\"@id\":\"https:\/\/lgcsa.com\/es\/contacto\/\",\"url\":\"https:\/\/lgcsa.com\/es\/contacto\/\",\"name\":\"Ponte en contacto con nosotros | L. Gonz\u00e1lez Catal\u00e1n S.A.\",\"isPartOf\":{\"@id\":\"https:\/\/lgcsa.com\/#website\"},\"datePublished\":\"2018-08-08T09:34:13+00:00\",\"dateModified\":\"2018-09-14T07:30:26+00:00\",\"description\":\"Ponte en contacto con nosotros y pide presupuesto sin compromisos. - \u00bfQuieres trabajar con nosotros? Env\u00eda tu curr\u00edculum.\",\"breadcrumb\":{\"@id\":\"https:\/\/lgcsa.com\/es\/contacto\/#breadcrumb\"},\"inLanguage\":\"es\",\"potentialAction\":[{\"@type\":\"ReadAction\",\"target\":[\"https:\/\/lgcsa.com\/es\/contacto\/\"]}]},{\"@type\":\"BreadcrumbList\",\"@id\":\"https:\/\/lgcsa.com\/es\/contacto\/#breadcrumb\",\"itemListElement\":[{\"@type\":\"ListItem\",\"position\":1,\"name\":\"Portada\",\"item\":\"https:\/\/lgcsa.com\/es\/\"},{\"@type\":\"ListItem\",\"position\":2,\"name\":\"Contacto\"}]},{\"@type\":\"WebSite\",\"@id\":\"https:\/\/lgcsa.com\/#website\",\"url\":\"https:\/\/lgcsa.com\/\",\"name\":\"L. Gonz\u00e1lez Catal\u00e1n S.A.\",\"description\":\"Mec\u00e1nica de precisi\u00f3n\",\"publisher\":{\"@id\":\"https:\/\/lgcsa.com\/#organization\"},\"potentialAction\":[{\"@type\":\"SearchAction\",\"target\":{\"@type\":\"EntryPoint\",\"urlTemplate\":\"https:\/\/lgcsa.com\/?s={search_term_string}\"},\"query-input\":{\"@type\":\"PropertyValueSpecification\",\"valueRequired\":true,\"valueName\":\"search_term_string\"}}],\"inLanguage\":\"es\"},{\"@type\":\"Organization\",\"@id\":\"https:\/\/lgcsa.com\/#organization\",\"name\":\"L. Gonz\u00e1lez Catal\u00e1n S.A.\",\"url\":\"https:\/\/lgcsa.com\/\",\"logo\":{\"@type\":\"ImageObject\",\"inLanguage\":\"es\",\"@id\":\"https:\/\/lgcsa.com\/#\/schema\/logo\/image\/\",\"url\":\"https:\/\/lgcsa.com\/wp-content\/uploads\/2018\/07\/logo_Luis-Gonzalez-1.png\",\"contentUrl\":\"https:\/\/lgcsa.com\/wp-content\/uploads\/2018\/07\/logo_Luis-Gonzalez-1.png\",\"width\":1491,\"height\":1276,\"caption\":\"L. Gonz\u00e1lez Catal\u00e1n S.A.\"},\"image\":{\"@id\":\"https:\/\/lgcsa.com\/#\/schema\/logo\/image\/\"}}]}<\/script>\n<!-- \/ Yoast SEO plugin. -->","yoast_head_json":{"title":"Ponte en contacto con nosotros | L. Gonz\u00e1lez Catal\u00e1n S.A.","description":"Ponte en contacto con nosotros y pide presupuesto sin compromisos. - \u00bfQuieres trabajar con nosotros? Env\u00eda tu curr\u00edculum.","robots":{"index":"index","follow":"follow","max-snippet":"max-snippet:-1","max-image-preview":"max-image-preview:large","max-video-preview":"max-video-preview:-1"},"canonical":"https:\/\/lgcsa.com\/es\/contacto\/","og_locale":"es_ES","og_type":"article","og_title":"Ponte en contacto con nosotros | L. Gonz\u00e1lez Catal\u00e1n S.A.","og_description":"Ponte en contacto con nosotros y pide presupuesto sin compromisos. - \u00bfQuieres trabajar con nosotros? Env\u00eda tu curr\u00edculum.","og_url":"https:\/\/lgcsa.com\/es\/contacto\/","og_site_name":"L. Gonz\u00e1lez Catal\u00e1n S.A.","article_modified_time":"2018-09-14T07:30:26+00:00","twitter_card":"summary_large_image","schema":{"@context":"https:\/\/schema.org","@graph":[{"@type":"WebPage","@id":"https:\/\/lgcsa.com\/es\/contacto\/","url":"https:\/\/lgcsa.com\/es\/contacto\/","name":"Ponte en contacto con nosotros | L. Gonz\u00e1lez Catal\u00e1n S.A.","isPartOf":{"@id":"https:\/\/lgcsa.com\/#website"},"datePublished":"2018-08-08T09:34:13+00:00","dateModified":"2018-09-14T07:30:26+00:00","description":"Ponte en contacto con nosotros y pide presupuesto sin compromisos. - \u00bfQuieres trabajar con nosotros? Env\u00eda tu curr\u00edculum.","breadcrumb":{"@id":"https:\/\/lgcsa.com\/es\/contacto\/#breadcrumb"},"inLanguage":"es","potentialAction":[{"@type":"ReadAction","target":["https:\/\/lgcsa.com\/es\/contacto\/"]}]},{"@type":"BreadcrumbList","@id":"https:\/\/lgcsa.com\/es\/contacto\/#breadcrumb","itemListElement":[{"@type":"ListItem","position":1,"name":"Portada","item":"https:\/\/lgcsa.com\/es\/"},{"@type":"ListItem","position":2,"name":"Contacto"}]},{"@type":"WebSite","@id":"https:\/\/lgcsa.com\/#website","url":"https:\/\/lgcsa.com\/","name":"L. Gonz\u00e1lez Catal\u00e1n S.A.","description":"Mec\u00e1nica de precisi\u00f3n","publisher":{"@id":"https:\/\/lgcsa.com\/#organization"},"potentialAction":[{"@type":"SearchAction","target":{"@type":"EntryPoint","urlTemplate":"https:\/\/lgcsa.com\/?s={search_term_string}"},"query-input":{"@type":"PropertyValueSpecification","valueRequired":true,"valueName":"search_term_string"}}],"inLanguage":"es"},{"@type":"Organization","@id":"https:\/\/lgcsa.com\/#organization","name":"L. Gonz\u00e1lez Catal\u00e1n S.A.","url":"https:\/\/lgcsa.com\/","logo":{"@type":"ImageObject","inLanguage":"es","@id":"https:\/\/lgcsa.com\/#\/schema\/logo\/image\/","url":"https:\/\/lgcsa.com\/wp-content\/uploads\/2018\/07\/logo_Luis-Gonzalez-1.png","contentUrl":"https:\/\/lgcsa.com\/wp-content\/uploads\/2018\/07\/logo_Luis-Gonzalez-1.png","width":1491,"height":1276,"caption":"L. Gonz\u00e1lez Catal\u00e1n S.A."},"image":{"@id":"https:\/\/lgcsa.com\/#\/schema\/logo\/image\/"}}]}},"_links":{"self":[{"href":"https:\/\/lgcsa.com\/es\/wp-json\/wp\/v2\/pages\/232","targetHints":{"allow":["GET"]}}],"collection":[{"href":"https:\/\/lgcsa.com\/es\/wp-json\/wp\/v2\/pages"}],"about":[{"href":"https:\/\/lgcsa.com\/es\/wp-json\/wp\/v2\/types\/page"}],"author":[{"embeddable":true,"href":"https:\/\/lgcsa.com\/es\/wp-json\/wp\/v2\/users\/1"}],"replies":[{"embeddable":true,"href":"https:\/\/lgcsa.com\/es\/wp-json\/wp\/v2\/comments?post=232"}],"version-history":[{"count":2,"href":"https:\/\/lgcsa.com\/es\/wp-json\/wp\/v2\/pages\/232\/revisions"}],"predecessor-version":[{"id":255,"href":"https:\/\/lgcsa.com\/es\/wp-json\/wp\/v2\/pages\/232\/revisions\/255"}],"wp:attachment":[{"href":"https:\/\/lgcsa.com\/es\/wp-json\/wp\/v2\/media?parent=232"}],"curies":[{"name":"wp","href":"https:\/\/api.w.org\/{rel}","templated":true}]}}