{"id":236,"date":"2018-08-08T09:38:07","date_gmt":"2018-08-08T09:38:07","guid":{"rendered":"http:\/\/lgcsa.com\/?page_id=236"},"modified":"2018-09-03T09:48:23","modified_gmt":"2018-09-03T09:48:23","slug":"instalaciones","status":"publish","type":"page","link":"https:\/\/lgcsa.com\/es\/instalaciones\/","title":{"rendered":"Instalaciones"},"content":{"rendered":"<p>600px<\/p>\n<p>default<\/p>\n<p>Heading + desc<\/p>\n<h2 class=\"h2-2\" style=\"background: url(http:\/\/lgcsa.com\/wp-content\/uploads\/2018\/07\/Untitled-2-03-e1530629423433.png) no-repeat left 20px; padding-left: 90px;\">Tenemos taller propio para la construcci\u00f3n de utillajes, matrices, y su mantenimiento<\/h2>\n<hr class=\"no_line\" style=\"margin: 0 auto 30px auto\"\/>\n\n<p>Hoy en d\u00eda nuestros fabricados son realizados siempre bajo especificaci\u00f3n y requisitos de nuestros clientes, los cuales cuentan con nuestro Departamento T\u00e9cnico para el asesoramiento y desarrollo de productos, ya que el equipo humano que compone nuestra empresa, es la base que garantiza nuestro futuro. <\/p>\n<hr class=\"no_line\" style=\"margin: 0 auto 30px auto\"\/>\n\n<p>no-repeat;center top;;<\/p>\n<p>auto<\/p>\n<p>Heading<\/p>\n<h4>Electroerosi\u00f3n<br \/>\npor hilo<\/h4>\n<p>no-repeat;center top;;<\/p>\n<p>auto<\/p>\n<p>25px 0 0 24%<\/p>\n<p><img decoding=\"async\" src=\"http:\/\/lgcsa.com\/wp-content\/uploads\/2018\/07\/foto1.png\" alt=\"foto1\"\/><\/p>\n<p>thumbnail<\/p>\n<p>center<\/p>\n<p>img-redonda<\/p>\n<p>20<\/p>\n<p>default<\/p>\n<p>Heading<\/p>\n<h4>Centros<br \/>\nmecanizados<\/h4>\n<p>no-repeat;center top;;<\/p>\n<p>auto<\/p>\n<p>25px 0 0 24%<\/p>\n<p><img decoding=\"async\" src=\"http:\/\/lgcsa.com\/wp-content\/uploads\/2018\/07\/foto2.png\" alt=\"foto2\"\/><\/p>\n<p>thumbnail<\/p>\n<p>center<\/p>\n<p>img-redonda<\/p>\n<p>20<\/p>\n<p>default<\/p>\n<p>Heading<\/p>\n<h4>Rectificadoras,<br \/>\nfresadoras,<br \/>\ntorno&#8230;<\/h4>\n<p>no-repeat;center top;;<\/p>\n<p>auto<\/p>\n<p>40px 0 0 24%<\/p>\n<p><img decoding=\"async\" src=\"http:\/\/lgcsa.com\/wp-content\/uploads\/2018\/07\/foto3.png\" alt=\"foto3\"\/><\/p>\n<p>thumbnail<\/p>\n<p>center<\/p>\n<p>10<\/p>\n<p>img-redonda<\/p>\n<h4 style=\"color: white\">LAS INSTALACIONES<\/h4>\n<p>center<\/p>\n<p>no-repeat;left top;;<\/p>\n<p>auto<\/p>\n<p>60<\/p>\n<p>default<\/p>\n<p>date<\/p>\n<p>DESC<\/p>\n","protected":false},"excerpt":{"rendered":"<p>600px default Heading + desc Tenemos taller propio para la construcci\u00f3n de utillajes, matrices, y su mantenimiento Hoy en d\u00eda nuestros fabricados son realizados siempre bajo<span class=\"excerpt-hellip\"> [\u2026]<\/span><\/p>\n","protected":false},"author":1,"featured_media":0,"parent":0,"menu_order":0,"comment_status":"closed","ping_status":"closed","template":"","meta":{"footnotes":""},"class_list":["post-236","page","type-page","status-publish","hentry"],"yoast_head":"<!-- This site is optimized with the Yoast SEO plugin v26.8 - https:\/\/yoast.com\/product\/yoast-seo-wordpress\/ -->\n<title>Instalaciones y maquinaria disponible | L. Gonz\u00e1lez Catal\u00e1n S.A.<\/title>\n<meta name=\"description\" content=\"Taller propio para la construcci\u00f3n de utillajes, matrices y su mantenimiento. Electroerosi\u00f3n por hilo, centros mecanizados, rectificadoras y m\u00e1s.\" \/>\n<meta name=\"robots\" content=\"index, follow, max-snippet:-1, max-image-preview:large, max-video-preview:-1\" \/>\n<link rel=\"canonical\" href=\"https:\/\/lgcsa.com\/es\/instalaciones\/\" \/>\n<meta property=\"og:locale\" content=\"es_ES\" \/>\n<meta property=\"og:type\" content=\"article\" \/>\n<meta property=\"og:title\" content=\"Instalaciones y maquinaria disponible | L. Gonz\u00e1lez Catal\u00e1n S.A.\" \/>\n<meta property=\"og:description\" content=\"Taller propio para la construcci\u00f3n de utillajes, matrices y su mantenimiento. Electroerosi\u00f3n por hilo, centros mecanizados, rectificadoras y m\u00e1s.\" \/>\n<meta property=\"og:url\" content=\"https:\/\/lgcsa.com\/es\/instalaciones\/\" \/>\n<meta property=\"og:site_name\" content=\"L. Gonz\u00e1lez Catal\u00e1n S.A.\" \/>\n<meta property=\"article:modified_time\" content=\"2018-09-03T09:48:23+00:00\" \/>\n<meta property=\"og:image\" content=\"http:\/\/lgcsa.com\/wp-content\/uploads\/2018\/07\/foto1.png\" \/>\n<meta name=\"twitter:card\" content=\"summary_large_image\" \/>\n<meta name=\"twitter:label1\" content=\"Tiempo de lectura\" \/>\n\t<meta name=\"twitter:data1\" content=\"1 minuto\" \/>\n<script type=\"application\/ld+json\" class=\"yoast-schema-graph\">{\"@context\":\"https:\/\/schema.org\",\"@graph\":[{\"@type\":\"WebPage\",\"@id\":\"https:\/\/lgcsa.com\/es\/instalaciones\/\",\"url\":\"https:\/\/lgcsa.com\/es\/instalaciones\/\",\"name\":\"Instalaciones y maquinaria disponible | L. Gonz\u00e1lez Catal\u00e1n S.A.\",\"isPartOf\":{\"@id\":\"https:\/\/lgcsa.com\/#website\"},\"primaryImageOfPage\":{\"@id\":\"https:\/\/lgcsa.com\/es\/instalaciones\/#primaryimage\"},\"image\":{\"@id\":\"https:\/\/lgcsa.com\/es\/instalaciones\/#primaryimage\"},\"thumbnailUrl\":\"http:\/\/lgcsa.com\/wp-content\/uploads\/2018\/07\/foto1.png\",\"datePublished\":\"2018-08-08T09:38:07+00:00\",\"dateModified\":\"2018-09-03T09:48:23+00:00\",\"description\":\"Taller propio para la construcci\u00f3n de utillajes, matrices y su mantenimiento. Electroerosi\u00f3n por hilo, centros mecanizados, rectificadoras y m\u00e1s.\",\"breadcrumb\":{\"@id\":\"https:\/\/lgcsa.com\/es\/instalaciones\/#breadcrumb\"},\"inLanguage\":\"es\",\"potentialAction\":[{\"@type\":\"ReadAction\",\"target\":[\"https:\/\/lgcsa.com\/es\/instalaciones\/\"]}]},{\"@type\":\"ImageObject\",\"inLanguage\":\"es\",\"@id\":\"https:\/\/lgcsa.com\/es\/instalaciones\/#primaryimage\",\"url\":\"http:\/\/lgcsa.com\/wp-content\/uploads\/2018\/07\/foto1.png\",\"contentUrl\":\"http:\/\/lgcsa.com\/wp-content\/uploads\/2018\/07\/foto1.png\"},{\"@type\":\"BreadcrumbList\",\"@id\":\"https:\/\/lgcsa.com\/es\/instalaciones\/#breadcrumb\",\"itemListElement\":[{\"@type\":\"ListItem\",\"position\":1,\"name\":\"Portada\",\"item\":\"https:\/\/lgcsa.com\/es\/\"},{\"@type\":\"ListItem\",\"position\":2,\"name\":\"Instalaciones\"}]},{\"@type\":\"WebSite\",\"@id\":\"https:\/\/lgcsa.com\/#website\",\"url\":\"https:\/\/lgcsa.com\/\",\"name\":\"L. Gonz\u00e1lez Catal\u00e1n S.A.\",\"description\":\"Mec\u00e1nica de precisi\u00f3n\",\"publisher\":{\"@id\":\"https:\/\/lgcsa.com\/#organization\"},\"potentialAction\":[{\"@type\":\"SearchAction\",\"target\":{\"@type\":\"EntryPoint\",\"urlTemplate\":\"https:\/\/lgcsa.com\/?s={search_term_string}\"},\"query-input\":{\"@type\":\"PropertyValueSpecification\",\"valueRequired\":true,\"valueName\":\"search_term_string\"}}],\"inLanguage\":\"es\"},{\"@type\":\"Organization\",\"@id\":\"https:\/\/lgcsa.com\/#organization\",\"name\":\"L. Gonz\u00e1lez Catal\u00e1n S.A.\",\"url\":\"https:\/\/lgcsa.com\/\",\"logo\":{\"@type\":\"ImageObject\",\"inLanguage\":\"es\",\"@id\":\"https:\/\/lgcsa.com\/#\/schema\/logo\/image\/\",\"url\":\"https:\/\/lgcsa.com\/wp-content\/uploads\/2018\/07\/logo_Luis-Gonzalez-1.png\",\"contentUrl\":\"https:\/\/lgcsa.com\/wp-content\/uploads\/2018\/07\/logo_Luis-Gonzalez-1.png\",\"width\":1491,\"height\":1276,\"caption\":\"L. Gonz\u00e1lez Catal\u00e1n S.A.\"},\"image\":{\"@id\":\"https:\/\/lgcsa.com\/#\/schema\/logo\/image\/\"}}]}<\/script>\n<!-- \/ Yoast SEO plugin. -->","yoast_head_json":{"title":"Instalaciones y maquinaria disponible | L. Gonz\u00e1lez Catal\u00e1n S.A.","description":"Taller propio para la construcci\u00f3n de utillajes, matrices y su mantenimiento. Electroerosi\u00f3n por hilo, centros mecanizados, rectificadoras y m\u00e1s.","robots":{"index":"index","follow":"follow","max-snippet":"max-snippet:-1","max-image-preview":"max-image-preview:large","max-video-preview":"max-video-preview:-1"},"canonical":"https:\/\/lgcsa.com\/es\/instalaciones\/","og_locale":"es_ES","og_type":"article","og_title":"Instalaciones y maquinaria disponible | L. Gonz\u00e1lez Catal\u00e1n S.A.","og_description":"Taller propio para la construcci\u00f3n de utillajes, matrices y su mantenimiento. Electroerosi\u00f3n por hilo, centros mecanizados, rectificadoras y m\u00e1s.","og_url":"https:\/\/lgcsa.com\/es\/instalaciones\/","og_site_name":"L. Gonz\u00e1lez Catal\u00e1n S.A.","article_modified_time":"2018-09-03T09:48:23+00:00","og_image":[{"url":"http:\/\/lgcsa.com\/wp-content\/uploads\/2018\/07\/foto1.png","type":"","width":"","height":""}],"twitter_card":"summary_large_image","twitter_misc":{"Tiempo de lectura":"1 minuto"},"schema":{"@context":"https:\/\/schema.org","@graph":[{"@type":"WebPage","@id":"https:\/\/lgcsa.com\/es\/instalaciones\/","url":"https:\/\/lgcsa.com\/es\/instalaciones\/","name":"Instalaciones y maquinaria disponible | L. Gonz\u00e1lez Catal\u00e1n S.A.","isPartOf":{"@id":"https:\/\/lgcsa.com\/#website"},"primaryImageOfPage":{"@id":"https:\/\/lgcsa.com\/es\/instalaciones\/#primaryimage"},"image":{"@id":"https:\/\/lgcsa.com\/es\/instalaciones\/#primaryimage"},"thumbnailUrl":"http:\/\/lgcsa.com\/wp-content\/uploads\/2018\/07\/foto1.png","datePublished":"2018-08-08T09:38:07+00:00","dateModified":"2018-09-03T09:48:23+00:00","description":"Taller propio para la construcci\u00f3n de utillajes, matrices y su mantenimiento. Electroerosi\u00f3n por hilo, centros mecanizados, rectificadoras y m\u00e1s.","breadcrumb":{"@id":"https:\/\/lgcsa.com\/es\/instalaciones\/#breadcrumb"},"inLanguage":"es","potentialAction":[{"@type":"ReadAction","target":["https:\/\/lgcsa.com\/es\/instalaciones\/"]}]},{"@type":"ImageObject","inLanguage":"es","@id":"https:\/\/lgcsa.com\/es\/instalaciones\/#primaryimage","url":"http:\/\/lgcsa.com\/wp-content\/uploads\/2018\/07\/foto1.png","contentUrl":"http:\/\/lgcsa.com\/wp-content\/uploads\/2018\/07\/foto1.png"},{"@type":"BreadcrumbList","@id":"https:\/\/lgcsa.com\/es\/instalaciones\/#breadcrumb","itemListElement":[{"@type":"ListItem","position":1,"name":"Portada","item":"https:\/\/lgcsa.com\/es\/"},{"@type":"ListItem","position":2,"name":"Instalaciones"}]},{"@type":"WebSite","@id":"https:\/\/lgcsa.com\/#website","url":"https:\/\/lgcsa.com\/","name":"L. Gonz\u00e1lez Catal\u00e1n S.A.","description":"Mec\u00e1nica de precisi\u00f3n","publisher":{"@id":"https:\/\/lgcsa.com\/#organization"},"potentialAction":[{"@type":"SearchAction","target":{"@type":"EntryPoint","urlTemplate":"https:\/\/lgcsa.com\/?s={search_term_string}"},"query-input":{"@type":"PropertyValueSpecification","valueRequired":true,"valueName":"search_term_string"}}],"inLanguage":"es"},{"@type":"Organization","@id":"https:\/\/lgcsa.com\/#organization","name":"L. Gonz\u00e1lez Catal\u00e1n S.A.","url":"https:\/\/lgcsa.com\/","logo":{"@type":"ImageObject","inLanguage":"es","@id":"https:\/\/lgcsa.com\/#\/schema\/logo\/image\/","url":"https:\/\/lgcsa.com\/wp-content\/uploads\/2018\/07\/logo_Luis-Gonzalez-1.png","contentUrl":"https:\/\/lgcsa.com\/wp-content\/uploads\/2018\/07\/logo_Luis-Gonzalez-1.png","width":1491,"height":1276,"caption":"L. Gonz\u00e1lez Catal\u00e1n S.A."},"image":{"@id":"https:\/\/lgcsa.com\/#\/schema\/logo\/image\/"}}]}},"_links":{"self":[{"href":"https:\/\/lgcsa.com\/es\/wp-json\/wp\/v2\/pages\/236","targetHints":{"allow":["GET"]}}],"collection":[{"href":"https:\/\/lgcsa.com\/es\/wp-json\/wp\/v2\/pages"}],"about":[{"href":"https:\/\/lgcsa.com\/es\/wp-json\/wp\/v2\/types\/page"}],"author":[{"embeddable":true,"href":"https:\/\/lgcsa.com\/es\/wp-json\/wp\/v2\/users\/1"}],"replies":[{"embeddable":true,"href":"https:\/\/lgcsa.com\/es\/wp-json\/wp\/v2\/comments?post=236"}],"version-history":[{"count":2,"href":"https:\/\/lgcsa.com\/es\/wp-json\/wp\/v2\/pages\/236\/revisions"}],"predecessor-version":[{"id":252,"href":"https:\/\/lgcsa.com\/es\/wp-json\/wp\/v2\/pages\/236\/revisions\/252"}],"wp:attachment":[{"href":"https:\/\/lgcsa.com\/es\/wp-json\/wp\/v2\/media?parent=236"}],"curies":[{"name":"wp","href":"https:\/\/api.w.org\/{rel}","templated":true}]}}