{"id":86,"date":"2018-01-12T14:54:49","date_gmt":"2018-01-12T14:54:49","guid":{"rendered":"http:\/\/themes.muffingroup.com\/be\/carwash\/?page_id=2"},"modified":"2022-07-11T11:45:59","modified_gmt":"2022-07-11T11:45:59","slug":"home","status":"publish","type":"page","link":"https:\/\/lgcsa.com\/es\/","title":{"rendered":"L. Gonz\u00e1lez Catal\u00e1n S.A."},"content":{"rendered":"<p>120<\/p>\n<p>default<\/p>\n<p>default<\/p>\n<p>Heading + desc<\/p>\n<h2 class=\"h2-1\">L. Gonz\u00e1lez<br \/>\nCatal\u00e1n S.A.<\/h2>\n<div style=\"display: inline-block; width: 55px; height: 6px; background: #f89834; position: relative; top: -15px; margin-left: 15px;\"><\/div>\n<hr class=\"no_line\" style=\"margin: 0 auto 30px auto\"\/>\n\n<p>L. GONZ\u00c1LEZ CATAL\u00c1N, S.A. es una empresa dedicada a la fabricaci\u00f3n de contactos y terminales para conexiones el\u00e9ctricas, y a la estampaci\u00f3n y troquelaje de piezas met\u00e1licas, principalmente para los sectores el\u00e9ctrico, linea blanca y automoci\u00f3n.<\/p>\n<p>Desde el a\u00f1o 1957 que se fundo, nos hemos caracterizado por nuestra constante capacidad de progreso y desarrollo, lo que ha permitido, que a lo largo de todos estos a\u00f1os, se nos conozca por la innovaci\u00f3n y calidad de nuestros productos. Por ese motivo en el a\u00f1o 1995 ampliamos nuestras instalaciones y posteriormente en el a\u00f1o 2006 nos trasladamos a La Llagosta a una nave de 3.200 m\u00b2, lo que nos ha permitido adquirir nuevas maquinarias y aprovechar mucho mejor nuestros recursos.<\/p>\n<p><hr class=\"no_line\" style=\"margin: 0 auto 30px auto\"\/>\n<br \/>\n<a class=\"button  button_size_2 button_theme\" href=\"#instalaciones\"    ><span class=\"button_label\">CON\u00d3CENOS MEJOR<\/span><\/a>\n<\/p>\n<p>no-repeat;center top;;<\/p>\n<p>auto<\/p>\n<p>120<\/p>\n<p>default<\/p>\n<p>Heading + desc<\/p>\n<h2 class=\"h2-2\" style=\"background: url('http:\/\/lgcsa.com\/wp-content\/uploads\/2018\/07\/Untitled-2-03-e1530629423433.png') no-repeat left 20px; padding-left: 90px;\">Tenemos taller propio para la construcci\u00f3n de utillajes, matrices, y su mantenimiento<\/h2>\n<hr class=\"no_line\" style=\"margin: 0 auto 30px auto\"\/>\n\n<p>Hoy en d\u00eda nuestros fabricados son realizados siempre bajo especificaci\u00f3n y requisitos de nuestros clientes, los cuales cuentan con nuestro Departamento T\u00e9cnico para el asesoramiento y desarrollo de productos, ya que el equipo humano que compone nuestra empresa, es la base que garantiza nuestro futuro.<\/p>\n<hr class=\"no_line\" style=\"margin: 0 auto 30px auto\"\/>\n\n<p>no-repeat;center top;;<\/p>\n<p>auto<\/p>\n<p>Heading<\/p>\n<h4>Electroerosi\u00f3n<br \/>\npor hilo<\/h4>\n<p>no-repeat;center top;;<\/p>\n<p>auto<\/p>\n<p>25px 0 0 24%<\/p>\n<p><img decoding=\"async\" src=\"http:\/\/lgcsa.com\/wp-content\/uploads\/2018\/07\/foto1.png\" alt=\"foto1\" \/><\/p>\n<p>thumbnail<\/p>\n<p>center<\/p>\n<p>img-redonda<\/p>\n<p>20<\/p>\n<p>default<\/p>\n<p>Heading<\/p>\n<h4>Centros<br \/>\nmecanizados<\/h4>\n<p>no-repeat;center top;;<\/p>\n<p>auto<\/p>\n<p>25px 0 0 24%<\/p>\n<p><img decoding=\"async\" src=\"http:\/\/lgcsa.com\/wp-content\/uploads\/2018\/07\/foto2.png\" alt=\"foto2\" \/><\/p>\n<p>thumbnail<\/p>\n<p>center<\/p>\n<p>img-redonda<\/p>\n<p>20<\/p>\n<p>default<\/p>\n<p>Heading<\/p>\n<h4>Rectificadoras,<br \/>\nfresadoras,<br \/>\ntorno&#8230;<\/h4>\n<p>no-repeat;center top;;<\/p>\n<p>auto<\/p>\n<p>40px 0 0 24%<\/p>\n<p><img decoding=\"async\" src=\"http:\/\/lgcsa.com\/wp-content\/uploads\/2018\/07\/foto3.png\" alt=\"foto3\" \/><\/p>\n<p>thumbnail<\/p>\n<p>center<\/p>\n<p>10<\/p>\n<p>img-redonda<\/p>\n<p><iframe loading=\"lazy\" style=\"border: 0;\" src=\"https:\/\/www.google.com\/maps\/embed?pb=!1m18!1m12!1m3!1d2985.733557966437!2d2.198001615709026!3d41.5133848961372!2m3!1f0!2f0!3f0!3m2!1i1024!2i768!4f13.1!3m3!1m2!1s0x12a4be96db940265%3A0x66cc4214c0c100af!2zTC4gR29uesOhbGV6IENhdGFsw6Fu!5e0!3m2!1ses!2ses!4v1530695847497\" width=\"2000\" height=\"500\" frameborder=\"0\" allowfullscreen=\"allowfullscreen\"><\/iframe><\/p>\n<p>13<\/p>\n<p>300<\/p>\n<h3>Contacta con<br \/>\nnosotros<\/h3>\n<div style=\"display: inline-block; width: 50px; height: 6px; background: #f89834; position: relative; top: -8px; margin-left: 12px;\"><\/div>\n<hr class=\"no_line\" style=\"margin: 0 auto 5px auto\"\/>\n\n<p>C\/ Barcelona, 35 &#8211; 37<br \/>\nLa Llagosta (08120),<br \/>\nBarcelona<\/p>\n<hr class=\"no_line\" style=\"margin: 0 auto 10px auto\"\/>\n\n<p><a href=\"#\">info@lgcsa.com<\/a><br \/>\n93 574 81 98<\/p>\n<p>#ffffff<\/p>\n<p>no-repeat;center top;;<\/p>\n<p>auto<\/p>\n<p>50px 50px 35px<\/p>\n<p>box-shadow: 0px 20px 35px rgba(0, 0, 0, .07);<\/p>\n<h2 style=\"color: #f89834;\">M\u00e1ndanos un mensaje<\/h2>\n\n<div class=\"wpcf7 no-js\" id=\"wpcf7-f5-o1\" lang=\"es-ES\" dir=\"ltr\" data-wpcf7-id=\"5\">\n<div class=\"screen-reader-response\"><p role=\"status\" aria-live=\"polite\" aria-atomic=\"true\"><\/p> <ul><\/ul><\/div>\n<form action=\"\/es\/wp-json\/wp\/v2\/pages\/86#wpcf7-f5-o1\" method=\"post\" class=\"wpcf7-form init\" aria-label=\"Formulario de contacto\" novalidate=\"novalidate\" data-status=\"init\">\n<fieldset class=\"hidden-fields-container\"><input type=\"hidden\" name=\"_wpcf7\" value=\"5\" \/><input type=\"hidden\" name=\"_wpcf7_version\" value=\"6.1.4\" \/><input type=\"hidden\" name=\"_wpcf7_locale\" value=\"es_ES\" \/><input type=\"hidden\" name=\"_wpcf7_unit_tag\" value=\"wpcf7-f5-o1\" \/><input type=\"hidden\" name=\"_wpcf7_container_post\" value=\"0\" \/><input type=\"hidden\" name=\"_wpcf7_posted_data_hash\" value=\"\" \/><input type=\"hidden\" name=\"_wpcf7_recaptcha_response\" value=\"\" \/>\n<\/fieldset>\n<div class=\"media-columna\">\n\t<p><label> Tu nombre<br \/>\n<span class=\"wpcf7-form-control-wrap\" data-name=\"your-name\"><input size=\"40\" maxlength=\"400\" class=\"wpcf7-form-control wpcf7-text wpcf7-validates-as-required\" aria-required=\"true\" aria-invalid=\"false\" value=\"\" type=\"text\" name=\"your-name\" \/><\/span> <\/label>\n\t<\/p>\n<\/div>\n<div class=\"media-columna-1\">\n\t<p><label> Tu correo electr\u00f3nico<br \/>\n<span class=\"wpcf7-form-control-wrap\" data-name=\"your-email\"><input size=\"40\" maxlength=\"400\" class=\"wpcf7-form-control wpcf7-email wpcf7-validates-as-required wpcf7-text wpcf7-validates-as-email\" aria-required=\"true\" aria-invalid=\"false\" value=\"\" type=\"email\" name=\"your-email\" \/><\/span> <\/label>\n\t<\/p>\n<\/div>\n<p><label> Tu mensaje<br \/>\n<span class=\"wpcf7-form-control-wrap\" data-name=\"your-message\"><textarea cols=\"40\" rows=\"10\" maxlength=\"2000\" class=\"wpcf7-form-control wpcf7-textarea\" aria-invalid=\"false\" name=\"your-message\"><\/textarea><\/span> <\/label>\n<\/p>\n<p><span class=\"wpcf7-form-control-wrap\" data-name=\"aceptacion\"><span class=\"wpcf7-form-control wpcf7-acceptance\"><span class=\"wpcf7-list-item\"><label><input type=\"checkbox\" name=\"aceptacion\" value=\"1\" aria-invalid=\"false\" \/><span class=\"wpcf7-list-item-label\">He le\u00eddo y acepto el <a href=\"http:\/\/lgcsa.com\/ca\/politica-de-privacitat-i-cookies\/\" target=\"_blank\"><span class=\"tooltip1 top\"> Aviso Legal y la Pol\u00edtica de Privacidad\n    <span class=\"tiptext\">En virtud de lo establecido en la Ley Org\u00e1nica 3\/2018, LOPD-GDD y el Reglamento Europeo 2016\/679, RGPD de Protecci\u00f3n de Datos de car\u00e1cter personal le informamos que sus datos pasar\u00e1n a formar parte de un fichero titularidad de L. Gonz\u00e1lez Catal\u00e1n S.A. La informaci\u00f3n registrada se utilizar\u00e1 para informarle por cualquier medio electr\u00f3nico de nuestras novedades y\/o informaci\u00f3n de la entidad. Puede ejercer los derechos de acceso, rectificaci\u00f3n, portabilidad y supresi\u00f3n de sus datos y los de limitaci\u00f3n y oposici\u00f3n del tratamiento en Barcelona, 35-37, 08120, Barcelona o enviando un correo electr\u00f3nico a info@lgcsa.com. En cumplimiento de la Ley 34\/2002 del 11 de julio, de Servicios de la Sociedad de la Informaci\u00f3n y de Comercio electr\u00f3nico e Internet, le informamos que puede revocar en cualquier momento, de forma sencilla y gratuita, el consentimiento para la recepci\u00f3n de correo electr\u00f3nico enviando un correo electr\u00f3nico con su solicitud a: info@lgcsa.com.<\/span>\n<\/a><\/span><\/span><\/label><\/span><\/span><\/span>\n<\/p>\n<span class=\"wpcf7-form-control-wrap recaptcha\" data-name=\"recaptcha\"><span data-sitekey=\"6LfSl6AqAAAAAEiCZjfPxOzEZquE2bTVCqpDkdwY\" class=\"wpcf7-form-control wpcf7-recaptcha g-recaptcha\"><\/span>\r\n<noscript>\r\n\t<div class=\"grecaptcha-noscript\">\r\n\t\t<iframe loading=\"lazy\" src=\"https:\/\/www.google.com\/recaptcha\/api\/fallback?k=6LfSl6AqAAAAAEiCZjfPxOzEZquE2bTVCqpDkdwY\" frameborder=\"0\" scrolling=\"no\" width=\"310\" height=\"430\">\r\n\t\t<\/iframe>\r\n\t\t<textarea name=\"g-recaptcha-response\" rows=\"3\" cols=\"40\" placeholder=\"Aqu\u00ed la respuesta de reCAPTCHA\">\r\n\t\t<\/textarea>\r\n\t<\/div>\r\n<\/noscript>\r\n<\/span>\n<p><input class=\"wpcf7-form-control wpcf7-submit has-spinner\" type=\"submit\" value=\"Enviar\" \/>\n<\/p><p style=\"display: none !important;\" class=\"akismet-fields-container\" data-prefix=\"_wpcf7_ak_\"><label>&#916;<textarea name=\"_wpcf7_ak_hp_textarea\" cols=\"45\" rows=\"8\" maxlength=\"100\"><\/textarea><\/label><input type=\"hidden\" id=\"ak_js_1\" name=\"_wpcf7_ak_js\" value=\"203\"\/><script>document.getElementById( \"ak_js_1\" ).setAttribute( \"value\", ( new Date() ).getTime() );<\/script><\/p><div class=\"wpcf7-response-output\" aria-hidden=\"true\"><\/div>\n<\/form>\n<\/div>\n\n<p>no-repeat;left top;;<\/p>\n<p>auto<\/p>\n","protected":false},"excerpt":{"rendered":"<p>120 default default Heading + desc L. Gonz\u00e1lez Catal\u00e1n S.A. L. GONZ\u00c1LEZ CATAL\u00c1N, S.A. es una empresa dedicada a la fabricaci\u00f3n de contactos y terminales para<span class=\"excerpt-hellip\"> [\u2026]<\/span><\/p>\n","protected":false},"author":1,"featured_media":0,"parent":0,"menu_order":0,"comment_status":"closed","ping_status":"closed","template":"","meta":{"footnotes":""},"class_list":["post-86","page","type-page","status-publish","hentry"],"yoast_head":"<!-- This site is optimized with the Yoast SEO plugin v26.8 - https:\/\/yoast.com\/product\/yoast-seo-wordpress\/ -->\n<title>Fabricaci\u00f3n y troquelaje de piezas | L. Gonz\u00e1lez Catal\u00e1n S.A.<\/title>\n<meta name=\"description\" content=\"Empresa dedicada a la fabricaci\u00f3n de contactos y terminales y troquelaje de piezas met\u00e1licas para el sector el\u00e9ctrico, l\u00ednea blanca y automoci\u00f3n.\" \/>\n<meta name=\"robots\" content=\"index, follow, max-snippet:-1, max-image-preview:large, max-video-preview:-1\" \/>\n<link rel=\"canonical\" href=\"https:\/\/lgcsa.com\/es\/\" \/>\n<meta property=\"og:locale\" content=\"es_ES\" \/>\n<meta property=\"og:type\" content=\"article\" \/>\n<meta property=\"og:title\" content=\"Fabricaci\u00f3n y troquelaje de piezas | L. Gonz\u00e1lez Catal\u00e1n S.A.\" \/>\n<meta property=\"og:description\" content=\"Empresa dedicada a la fabricaci\u00f3n de contactos y terminales y troquelaje de piezas met\u00e1licas para el sector el\u00e9ctrico, l\u00ednea blanca y automoci\u00f3n.\" \/>\n<meta property=\"og:url\" content=\"https:\/\/lgcsa.com\/es\/\" \/>\n<meta property=\"og:site_name\" content=\"L. Gonz\u00e1lez Catal\u00e1n S.A.\" \/>\n<meta property=\"article:modified_time\" content=\"2022-07-11T11:45:59+00:00\" \/>\n<meta property=\"og:image\" content=\"http:\/\/lgcsa.com\/wp-content\/uploads\/2018\/07\/foto1.png\" \/>\n<meta name=\"twitter:card\" content=\"summary_large_image\" \/>\n<meta name=\"twitter:label1\" content=\"Tiempo de lectura\" \/>\n\t<meta name=\"twitter:data1\" content=\"2 minutos\" \/>\n<script type=\"application\/ld+json\" class=\"yoast-schema-graph\">{\"@context\":\"https:\/\/schema.org\",\"@graph\":[{\"@type\":\"WebPage\",\"@id\":\"https:\/\/lgcsa.com\/es\/\",\"url\":\"https:\/\/lgcsa.com\/es\/\",\"name\":\"Fabricaci\u00f3n y troquelaje de piezas | L. Gonz\u00e1lez Catal\u00e1n S.A.\",\"isPartOf\":{\"@id\":\"https:\/\/lgcsa.com\/#website\"},\"primaryImageOfPage\":{\"@id\":\"https:\/\/lgcsa.com\/es\/#primaryimage\"},\"image\":{\"@id\":\"https:\/\/lgcsa.com\/es\/#primaryimage\"},\"thumbnailUrl\":\"http:\/\/lgcsa.com\/wp-content\/uploads\/2018\/07\/foto1.png\",\"datePublished\":\"2018-01-12T14:54:49+00:00\",\"dateModified\":\"2022-07-11T11:45:59+00:00\",\"description\":\"Empresa dedicada a la fabricaci\u00f3n de contactos y terminales y troquelaje de piezas met\u00e1licas para el sector el\u00e9ctrico, l\u00ednea blanca y automoci\u00f3n.\",\"breadcrumb\":{\"@id\":\"https:\/\/lgcsa.com\/es\/#breadcrumb\"},\"inLanguage\":\"es\",\"potentialAction\":[{\"@type\":\"ReadAction\",\"target\":[\"https:\/\/lgcsa.com\/es\/\"]}]},{\"@type\":\"ImageObject\",\"inLanguage\":\"es\",\"@id\":\"https:\/\/lgcsa.com\/es\/#primaryimage\",\"url\":\"http:\/\/lgcsa.com\/wp-content\/uploads\/2018\/07\/foto1.png\",\"contentUrl\":\"http:\/\/lgcsa.com\/wp-content\/uploads\/2018\/07\/foto1.png\"},{\"@type\":\"BreadcrumbList\",\"@id\":\"https:\/\/lgcsa.com\/es\/#breadcrumb\",\"itemListElement\":[{\"@type\":\"ListItem\",\"position\":1,\"name\":\"Portada\",\"item\":\"https:\/\/lgcsa.com\/es\/\"},{\"@type\":\"ListItem\",\"position\":2,\"name\":\"L. Gonz\u00e1lez Catal\u00e1n S.A.\"}]},{\"@type\":\"WebSite\",\"@id\":\"https:\/\/lgcsa.com\/#website\",\"url\":\"https:\/\/lgcsa.com\/\",\"name\":\"L. Gonz\u00e1lez Catal\u00e1n S.A.\",\"description\":\"Mec\u00e1nica de precisi\u00f3n\",\"publisher\":{\"@id\":\"https:\/\/lgcsa.com\/#organization\"},\"potentialAction\":[{\"@type\":\"SearchAction\",\"target\":{\"@type\":\"EntryPoint\",\"urlTemplate\":\"https:\/\/lgcsa.com\/?s={search_term_string}\"},\"query-input\":{\"@type\":\"PropertyValueSpecification\",\"valueRequired\":true,\"valueName\":\"search_term_string\"}}],\"inLanguage\":\"es\"},{\"@type\":\"Organization\",\"@id\":\"https:\/\/lgcsa.com\/#organization\",\"name\":\"L. Gonz\u00e1lez Catal\u00e1n S.A.\",\"url\":\"https:\/\/lgcsa.com\/\",\"logo\":{\"@type\":\"ImageObject\",\"inLanguage\":\"es\",\"@id\":\"https:\/\/lgcsa.com\/#\/schema\/logo\/image\/\",\"url\":\"https:\/\/lgcsa.com\/wp-content\/uploads\/2018\/07\/logo_Luis-Gonzalez-1.png\",\"contentUrl\":\"https:\/\/lgcsa.com\/wp-content\/uploads\/2018\/07\/logo_Luis-Gonzalez-1.png\",\"width\":1491,\"height\":1276,\"caption\":\"L. Gonz\u00e1lez Catal\u00e1n S.A.\"},\"image\":{\"@id\":\"https:\/\/lgcsa.com\/#\/schema\/logo\/image\/\"}}]}<\/script>\n<!-- \/ Yoast SEO plugin. -->","yoast_head_json":{"title":"Fabricaci\u00f3n y troquelaje de piezas | L. Gonz\u00e1lez Catal\u00e1n S.A.","description":"Empresa dedicada a la fabricaci\u00f3n de contactos y terminales y troquelaje de piezas met\u00e1licas para el sector el\u00e9ctrico, l\u00ednea blanca y automoci\u00f3n.","robots":{"index":"index","follow":"follow","max-snippet":"max-snippet:-1","max-image-preview":"max-image-preview:large","max-video-preview":"max-video-preview:-1"},"canonical":"https:\/\/lgcsa.com\/es\/","og_locale":"es_ES","og_type":"article","og_title":"Fabricaci\u00f3n y troquelaje de piezas | L. Gonz\u00e1lez Catal\u00e1n S.A.","og_description":"Empresa dedicada a la fabricaci\u00f3n de contactos y terminales y troquelaje de piezas met\u00e1licas para el sector el\u00e9ctrico, l\u00ednea blanca y automoci\u00f3n.","og_url":"https:\/\/lgcsa.com\/es\/","og_site_name":"L. Gonz\u00e1lez Catal\u00e1n S.A.","article_modified_time":"2022-07-11T11:45:59+00:00","og_image":[{"url":"http:\/\/lgcsa.com\/wp-content\/uploads\/2018\/07\/foto1.png","type":"","width":"","height":""}],"twitter_card":"summary_large_image","twitter_misc":{"Tiempo de lectura":"2 minutos"},"schema":{"@context":"https:\/\/schema.org","@graph":[{"@type":"WebPage","@id":"https:\/\/lgcsa.com\/es\/","url":"https:\/\/lgcsa.com\/es\/","name":"Fabricaci\u00f3n y troquelaje de piezas | L. Gonz\u00e1lez Catal\u00e1n S.A.","isPartOf":{"@id":"https:\/\/lgcsa.com\/#website"},"primaryImageOfPage":{"@id":"https:\/\/lgcsa.com\/es\/#primaryimage"},"image":{"@id":"https:\/\/lgcsa.com\/es\/#primaryimage"},"thumbnailUrl":"http:\/\/lgcsa.com\/wp-content\/uploads\/2018\/07\/foto1.png","datePublished":"2018-01-12T14:54:49+00:00","dateModified":"2022-07-11T11:45:59+00:00","description":"Empresa dedicada a la fabricaci\u00f3n de contactos y terminales y troquelaje de piezas met\u00e1licas para el sector el\u00e9ctrico, l\u00ednea blanca y automoci\u00f3n.","breadcrumb":{"@id":"https:\/\/lgcsa.com\/es\/#breadcrumb"},"inLanguage":"es","potentialAction":[{"@type":"ReadAction","target":["https:\/\/lgcsa.com\/es\/"]}]},{"@type":"ImageObject","inLanguage":"es","@id":"https:\/\/lgcsa.com\/es\/#primaryimage","url":"http:\/\/lgcsa.com\/wp-content\/uploads\/2018\/07\/foto1.png","contentUrl":"http:\/\/lgcsa.com\/wp-content\/uploads\/2018\/07\/foto1.png"},{"@type":"BreadcrumbList","@id":"https:\/\/lgcsa.com\/es\/#breadcrumb","itemListElement":[{"@type":"ListItem","position":1,"name":"Portada","item":"https:\/\/lgcsa.com\/es\/"},{"@type":"ListItem","position":2,"name":"L. Gonz\u00e1lez Catal\u00e1n S.A."}]},{"@type":"WebSite","@id":"https:\/\/lgcsa.com\/#website","url":"https:\/\/lgcsa.com\/","name":"L. Gonz\u00e1lez Catal\u00e1n S.A.","description":"Mec\u00e1nica de precisi\u00f3n","publisher":{"@id":"https:\/\/lgcsa.com\/#organization"},"potentialAction":[{"@type":"SearchAction","target":{"@type":"EntryPoint","urlTemplate":"https:\/\/lgcsa.com\/?s={search_term_string}"},"query-input":{"@type":"PropertyValueSpecification","valueRequired":true,"valueName":"search_term_string"}}],"inLanguage":"es"},{"@type":"Organization","@id":"https:\/\/lgcsa.com\/#organization","name":"L. Gonz\u00e1lez Catal\u00e1n S.A.","url":"https:\/\/lgcsa.com\/","logo":{"@type":"ImageObject","inLanguage":"es","@id":"https:\/\/lgcsa.com\/#\/schema\/logo\/image\/","url":"https:\/\/lgcsa.com\/wp-content\/uploads\/2018\/07\/logo_Luis-Gonzalez-1.png","contentUrl":"https:\/\/lgcsa.com\/wp-content\/uploads\/2018\/07\/logo_Luis-Gonzalez-1.png","width":1491,"height":1276,"caption":"L. Gonz\u00e1lez Catal\u00e1n S.A."},"image":{"@id":"https:\/\/lgcsa.com\/#\/schema\/logo\/image\/"}}]}},"_links":{"self":[{"href":"https:\/\/lgcsa.com\/es\/wp-json\/wp\/v2\/pages\/86","targetHints":{"allow":["GET"]}}],"collection":[{"href":"https:\/\/lgcsa.com\/es\/wp-json\/wp\/v2\/pages"}],"about":[{"href":"https:\/\/lgcsa.com\/es\/wp-json\/wp\/v2\/types\/page"}],"author":[{"embeddable":true,"href":"https:\/\/lgcsa.com\/es\/wp-json\/wp\/v2\/users\/1"}],"replies":[{"embeddable":true,"href":"https:\/\/lgcsa.com\/es\/wp-json\/wp\/v2\/comments?post=86"}],"version-history":[{"count":7,"href":"https:\/\/lgcsa.com\/es\/wp-json\/wp\/v2\/pages\/86\/revisions"}],"predecessor-version":[{"id":641,"href":"https:\/\/lgcsa.com\/es\/wp-json\/wp\/v2\/pages\/86\/revisions\/641"}],"wp:attachment":[{"href":"https:\/\/lgcsa.com\/es\/wp-json\/wp\/v2\/media?parent=86"}],"curies":[{"name":"wp","href":"https:\/\/api.w.org\/{rel}","templated":true}]}}